{"id":27,"date":"2012-04-17T15:01:07","date_gmt":"2012-04-17T15:01:07","guid":{"rendered":"http:\/\/www.squashcamp.se\/?page_id=27"},"modified":"2020-06-28T11:00:04","modified_gmt":"2020-06-28T11:00:04","slug":"hitta-oss","status":"publish","type":"page","link":"https:\/\/www.squashcamp.se\/?page_id=27","title":{"rendered":"Hitta oss"},"content":{"rendered":"<blockquote>\n<blockquote><p>L\u00e4gret genomf\u00f6rs p\u00e5<\/p>\n<p>The Club Malmoe, Stadiongatan 60, Malm\u00f6<\/p><\/blockquote>\n<\/blockquote>\n<blockquote>\n<blockquote>\n<p style=\"text-align: left;\"><span style=\"text-decoration: underline;\">DET \u00c4R ENKELT ATT TA SIG TILL MALM\u00d6<\/span><\/p>\n<p style=\"text-align: left;\"><strong>Med flyg<\/strong>:<br \/>\nMalm\u00f6 Sturup Flygplats<br \/>\n*\u00a0<a href=\"http:\/\/www.lfv.se\/templates\/LFV_AirportStartPage_Arlanda____38763.aspx\" target=\"_blank\" rel=\"noopener noreferrer\"><strong><span style=\"text-decoration: underline;\"><em>sturup.comextern l\u00e4nk<\/em><\/span><\/strong><\/a>, (\u00f6ppnas i nytt f\u00f6nster)<br \/>\nCopenhagen Airport, Kastrup<br \/>\n*\u00a0<a href=\"http:\/\/www.cph.dk\/CPH\/DK\/MAIN\/\" target=\"_blank\" rel=\"noopener noreferrer\"><strong><span style=\"text-decoration: underline;\"><em>cph.dkextern l\u00e4nk<\/em><\/span><\/strong><\/a>, (\u00f6ppnas i nytt f\u00f6nster)<\/p>\n<p style=\"text-align: left;\">Flygbussarna Sturup-Malm\u00f6 city<br \/>\n*\u00a0<a href=\"http:\/\/www.flygbussarna.com\/default.asp\" target=\"_blank\" rel=\"noopener noreferrer\"><strong><em><span style=\"text-decoration: underline;\">flygbussarna.comextern l\u00e4nk<\/span><\/em><\/strong><\/a>, (\u00f6ppnas i nytt f\u00f6nster)<\/p>\n<p style=\"text-align: left;\"><strong>Med t\u00e5g<\/strong>:<br \/>\nSJ &#8211; inrikes och utrikes t\u00e5g<br \/>\n*\u00a0<a href=\"http:\/\/www.sj.se\/\" target=\"_blank\" rel=\"noopener noreferrer\"><strong><span style=\"text-decoration: underline;\"><em>sj.seextern l\u00e4nk<\/em><\/span><\/strong><\/a>, (\u00f6ppnas i nytt f\u00f6nster)<\/p>\n<p style=\"text-align: left;\"><strong>Med t\u00e5g och bil<\/strong>\u00a0&#8211; fr\u00e5n Danmark och kontinenten:<br \/>\n\u00d6resundsbron<br \/>\n*\u00a0<a href=\"http:\/\/osb.oeresundsbron.dk\/frontpage\/?lang=45\" target=\"_blank\" rel=\"noopener noreferrer\"><strong><span style=\"text-decoration: underline;\"><em>oeresundsbron.comextern l\u00e4nk<\/em><\/span><\/strong><\/a>, (\u00f6ppnas i nytt f\u00f6nster)<\/p>\n<p style=\"text-align: left;\">Sk\u00e5netrafiken<br \/>\n*\u00a0<a href=\"http:\/\/www.skanetrafiken.se\/templates\/StartPage.aspx?id=2182&amp;epslanguage=SV\" target=\"_blank\" rel=\"noopener noreferrer\"><strong><span style=\"text-decoration: underline;\"><em>skanetrafiken.seextern l\u00e4nk<\/em><\/span><\/strong><\/a>, (\u00f6ppnas i nytt f\u00f6nster)<\/p>\n<div style=\"text-align: left;\"><\/div>\n<\/blockquote>\n<\/blockquote>\n","protected":false},"excerpt":{"rendered":"<p>L\u00e4gret genomf\u00f6rs p\u00e5 The Club Malmoe, Stadiongatan 60, Malm\u00f6 DET \u00c4R ENKELT ATT TA SIG TILL MALM\u00d6 Med flyg: Malm\u00f6 Sturup Flygplats *\u00a0sturup.comextern l\u00e4nk, (\u00f6ppnas i nytt f\u00f6nster) Copenhagen Airport, Kastrup *\u00a0cph.dkextern l\u00e4nk, (\u00f6ppnas i nytt f\u00f6nster) Flygbussarna Sturup-Malm\u00f6 city *\u00a0flygbussarna.comextern l\u00e4nk, (\u00f6ppnas i nytt f\u00f6nster) Med t\u00e5g: SJ &#8211; inrikes och utrikes t\u00e5g *\u00a0sj.seextern &hellip; <\/p>\n<p class=\"link-more\"><a href=\"https:\/\/www.squashcamp.se\/?page_id=27\" class=\"more-link\">Forts\u00e4tt l\u00e4sa<span class=\"screen-reader-text\"> \u201dHitta oss\u201d<\/span><\/a><\/p>\n","protected":false},"author":1,"featured_media":0,"parent":0,"menu_order":0,"comment_status":"closed","ping_status":"closed","template":"","meta":{"footnotes":""},"class_list":["post-27","page","type-page","status-publish","hentry"],"_links":{"self":[{"href":"https:\/\/www.squashcamp.se\/index.php?rest_route=\/wp\/v2\/pages\/27","targetHints":{"allow":["GET"]}}],"collection":[{"href":"https:\/\/www.squashcamp.se\/index.php?rest_route=\/wp\/v2\/pages"}],"about":[{"href":"https:\/\/www.squashcamp.se\/index.php?rest_route=\/wp\/v2\/types\/page"}],"author":[{"embeddable":true,"href":"https:\/\/www.squashcamp.se\/index.php?rest_route=\/wp\/v2\/users\/1"}],"replies":[{"embeddable":true,"href":"https:\/\/www.squashcamp.se\/index.php?rest_route=%2Fwp%2Fv2%2Fcomments&post=27"}],"version-history":[{"count":10,"href":"https:\/\/www.squashcamp.se\/index.php?rest_route=\/wp\/v2\/pages\/27\/revisions"}],"predecessor-version":[{"id":732,"href":"https:\/\/www.squashcamp.se\/index.php?rest_route=\/wp\/v2\/pages\/27\/revisions\/732"}],"wp:attachment":[{"href":"https:\/\/www.squashcamp.se\/index.php?rest_route=%2Fwp%2Fv2%2Fmedia&parent=27"}],"curies":[{"name":"wp","href":"https:\/\/api.w.org\/{rel}","templated":true}]}}