{"id":2,"date":"2012-04-17T12:12:51","date_gmt":"2012-04-17T12:12:51","guid":{"rendered":"http:\/\/www.squashcamp.se\/?page_id=2"},"modified":"2025-06-26T08:03:09","modified_gmt":"2025-06-26T08:03:09","slug":"exempelsida","status":"publish","type":"page","link":"https:\/\/www.squashcamp.se\/?page_id=2","title":{"rendered":"Info p\u00e5 Svenska"},"content":{"rendered":"<p><a href=\"https:\/\/docs.google.com\/forms\/d\/e\/1FAIpQLSdqjWYVQFMx4OTfaQ1DwfAnu6EQN5_xXwl1Ee-lYUbs0o-BIQ\/viewform\"><img loading=\"lazy\" decoding=\"async\" class=\"alignnone size-medium wp-image-1025\" src=\"\/wp-content\/uploads\/2025\/06\/sign-up-icon-signup-square-box-on-transparent-background-free-png-300x182.png\" alt=\"\" width=\"300\" height=\"182\" srcset=\"\/wp-content\/uploads\/2025\/06\/sign-up-icon-signup-square-box-on-transparent-background-free-png-300x182.png 300w, \/wp-content\/uploads\/2025\/06\/sign-up-icon-signup-square-box-on-transparent-background-free-png.png 330w\" sizes=\"auto, (max-width: 300px) 100vw, 300px\" \/><\/a><\/p>\n<p>4 &#8211; 7 augusti 2025 Flickor o Pojkar U13,U15, U17<strong>, <\/strong>U19<\/p>\n<p>Tr\u00e4nare<\/p>\n<p>David McAlpine, Micke Bische<\/p>\n<p>L\u00e4gret b\u00f6rjar p\u00e5 m\u00e5ndag den 4 augusti och avslutas p\u00e5 torsdag den 7 augusti och \u00e4r f\u00f6r pojkar och flickor U13, U15. U17 &amp; U19.<\/p>\n<p>Samling sker p\u00e5 The Club Malmoe kl 14:00 och avslutats sista dagen kl 14:00.<\/p>\n<p>N\u00e4stan allt ing\u00e5r. Kostnaden \u00e4r endast <strong>2700 SEK<\/strong> per deltagare och d\u00e5 ing\u00e5r lunch, middag, kv\u00e4llsm\u00e5l, lokala transporter, tr\u00e4nare alla aktiviteter mm.<\/p>\n<p>Tag dessutom med tillr\u00e4ckligt med tr\u00e4ningskl\u00e4der f\u00f6r b\u00e5de inne och utomhusverksamhet &#8211; och gl\u00f6m inte badkl\u00e4der. Transporter till och fr\u00e5n Malm\u00f6 ing\u00e5r ej.<\/p>\n<p>Det kommer att bli mycket squash, teknik, taktik &amp; regelkunskap samt utomhustr\u00e4ning, men det blir \u00e4ven tid f\u00f6r bad och andra aktiviteter om v\u00e4dret till\u00e5ter. L\u00e4gret blir starten p\u00e5 den kommande s\u00e4songen och alla deltagare skall f\u00e5 tr\u00e4ningstips med sig hem. Det kommer att finnas en tr\u00e4nare per 8 deltagare &#8211; dessutom kommer det att finnas g\u00e4stspelare som hj\u00e4lper till att matcha. Det kommer att bli intensiva och roliga dagar.<\/p>\n<p>Ni anm\u00e4ler er enklast genom att s\u00e4tta in anm\u00e4lningsavgiften p\u00e5 The Club Malmoes <strong>Bankgiro 839-1724 eller SWISH 123 337 2893<\/strong>\u00a0&#8211; senast den\u00a0<span style=\"text-decoration: underline;\"><strong>25 Juli\u00a0 2025<\/strong><\/span>.\u00a0<strong><br \/>\nAnge namn, klubb (eller land), f\u00f6delsedatum och l\u00e4ger period.<br \/>\nUppge ocks\u00e5 telefon nummer hem och mobil till era f\u00f6r\u00e4ldrar .<\/strong><br \/>\nEftersom vi endast kan ta ett begr\u00e4nsat antal deltagare s\u00e5 g\u00e4ller f\u00f6rst till kvarn . . .<\/p>\n<p>F\u00f6r vidare information var god maila till <a href=\"mailto:coach@bische.se\">coach@bische.se<\/a><\/p>\n","protected":false},"excerpt":{"rendered":"<p>4 &#8211; 7 augusti 2025 Flickor o Pojkar U13,U15, U17, U19 Tr\u00e4nare David McAlpine, Micke Bische L\u00e4gret b\u00f6rjar p\u00e5 m\u00e5ndag den 4 augusti och avslutas p\u00e5 torsdag den 7 augusti och \u00e4r f\u00f6r pojkar och flickor U13, U15. U17 &amp; U19. Samling sker p\u00e5 The Club Malmoe kl 14:00 och avslutats sista dagen kl 14:00. &hellip; <\/p>\n<p class=\"link-more\"><a href=\"https:\/\/www.squashcamp.se\/?page_id=2\" class=\"more-link\">Forts\u00e4tt l\u00e4sa<span class=\"screen-reader-text\"> \u201dInfo p\u00e5 Svenska\u201d<\/span><\/a><\/p>\n","protected":false},"author":1,"featured_media":0,"parent":0,"menu_order":0,"comment_status":"closed","ping_status":"closed","template":"","meta":{"footnotes":""},"class_list":["post-2","page","type-page","status-publish","hentry"],"_links":{"self":[{"href":"https:\/\/www.squashcamp.se\/index.php?rest_route=\/wp\/v2\/pages\/2","targetHints":{"allow":["GET"]}}],"collection":[{"href":"https:\/\/www.squashcamp.se\/index.php?rest_route=\/wp\/v2\/pages"}],"about":[{"href":"https:\/\/www.squashcamp.se\/index.php?rest_route=\/wp\/v2\/types\/page"}],"author":[{"embeddable":true,"href":"https:\/\/www.squashcamp.se\/index.php?rest_route=\/wp\/v2\/users\/1"}],"replies":[{"embeddable":true,"href":"https:\/\/www.squashcamp.se\/index.php?rest_route=%2Fwp%2Fv2%2Fcomments&post=2"}],"version-history":[{"count":61,"href":"https:\/\/www.squashcamp.se\/index.php?rest_route=\/wp\/v2\/pages\/2\/revisions"}],"predecessor-version":[{"id":1027,"href":"https:\/\/www.squashcamp.se\/index.php?rest_route=\/wp\/v2\/pages\/2\/revisions\/1027"}],"wp:attachment":[{"href":"https:\/\/www.squashcamp.se\/index.php?rest_route=%2Fwp%2Fv2%2Fmedia&parent=2"}],"curies":[{"name":"wp","href":"https:\/\/api.w.org\/{rel}","templated":true}]}}