{"id":17,"date":"2012-04-17T14:57:47","date_gmt":"2012-04-17T14:57:47","guid":{"rendered":"http:\/\/www.squashcamp.se\/?page_id=17"},"modified":"2020-06-28T11:24:18","modified_gmt":"2020-06-28T11:24:18","slug":"mat","status":"publish","type":"page","link":"https:\/\/www.squashcamp.se\/?page_id=17","title":{"rendered":"Mat"},"content":{"rendered":"<p><strong><em>Menyn kan \u00e4ndras!<\/em><\/strong><\/p>\n<p><strong><span style=\"text-decoration: underline;\">Mat meny<\/span><\/strong><br \/>\n<strong>Dag 1\u00a0<\/strong><br \/>\n<span style=\"text-decoration: underline;\">Lunch<\/span>\u00a0&#8211; Pastasallad med kyckling och br\u00f6d<br \/>\n<span style=\"text-decoration: underline;\">Middag<\/span> &#8211; Ungstekt falukorv med mos och sallad<br \/>\n<span style=\"text-decoration: underline;\">Kv\u00e4llsmat<\/span> &#8211; Toast \u00d6resund<\/p>\n<p><strong>Dag 2\u00a0<\/strong><br \/>\n<span style=\"text-decoration: underline;\">Lunch<\/span> &#8211; K\u00f6ttbullar, potatismos, lingon, sallad, juice, br\u00f6d<br \/>\n<span style=\"text-decoration: underline;\">Middag<\/span>\u00a0&#8211; Tacos<br \/>\n<span style=\"text-decoration: underline;\">Kv\u00e4llsmat<\/span> &#8211; Pizza<\/p>\n<p><strong>Dag 3<\/strong><br \/>\n<span style=\"text-decoration: underline;\">Lunch<\/span>\u00a0&#8211; Pasta Bolognese, sallad<br \/>\n<span style=\"text-decoration: underline;\">Middag<\/span> &#8211; Grillkv\u00e4ll &#8211; Hamburgare, med br\u00f6d, sallad och dressing<br \/>\n<span style=\"text-decoration: underline;\">Kv\u00e4llsmat<\/span> &#8211; Soppa<\/p>\n<p><strong>Dag 4\u00a0<\/strong><br \/>\n<span style=\"text-decoration: underline;\">Lunch<\/span>\u2013 Korv stroganoff, ris, sallad<br \/>\n<span style=\"text-decoration: underline;\">Middag<\/span>\u00a0&#8211; Lasagne, br\u00f6d, sallad<br \/>\n<span style=\"text-decoration: underline;\">Kv\u00e4llsmat<\/span> &#8211; Toast \u00d6resund<\/p>\n<p><strong>Dag 5\u00a0<\/strong><br \/>\n<span style=\"text-decoration: underline;\">Lunch<\/span> &#8211; Pastasallad med br\u00f6d<\/p>\n","protected":false},"excerpt":{"rendered":"<p>Menyn kan \u00e4ndras! Mat meny Dag 1\u00a0 Lunch\u00a0&#8211; Pastasallad med kyckling och br\u00f6d Middag &#8211; Ungstekt falukorv med mos och sallad Kv\u00e4llsmat &#8211; Toast \u00d6resund Dag 2\u00a0 Lunch &#8211; K\u00f6ttbullar, potatismos, lingon, sallad, juice, br\u00f6d Middag\u00a0&#8211; Tacos Kv\u00e4llsmat &#8211; Pizza Dag 3 Lunch\u00a0&#8211; Pasta Bolognese, sallad Middag &#8211; Grillkv\u00e4ll &#8211; Hamburgare, med br\u00f6d, sallad och &hellip; <\/p>\n<p class=\"link-more\"><a href=\"https:\/\/www.squashcamp.se\/?page_id=17\" class=\"more-link\">Forts\u00e4tt l\u00e4sa<span class=\"screen-reader-text\"> \u201dMat\u201d<\/span><\/a><\/p>\n","protected":false},"author":1,"featured_media":0,"parent":0,"menu_order":0,"comment_status":"closed","ping_status":"closed","template":"","meta":{"footnotes":""},"class_list":["post-17","page","type-page","status-publish","hentry"],"_links":{"self":[{"href":"https:\/\/www.squashcamp.se\/index.php?rest_route=\/wp\/v2\/pages\/17","targetHints":{"allow":["GET"]}}],"collection":[{"href":"https:\/\/www.squashcamp.se\/index.php?rest_route=\/wp\/v2\/pages"}],"about":[{"href":"https:\/\/www.squashcamp.se\/index.php?rest_route=\/wp\/v2\/types\/page"}],"author":[{"embeddable":true,"href":"https:\/\/www.squashcamp.se\/index.php?rest_route=\/wp\/v2\/users\/1"}],"replies":[{"embeddable":true,"href":"https:\/\/www.squashcamp.se\/index.php?rest_route=%2Fwp%2Fv2%2Fcomments&post=17"}],"version-history":[{"count":13,"href":"https:\/\/www.squashcamp.se\/index.php?rest_route=\/wp\/v2\/pages\/17\/revisions"}],"predecessor-version":[{"id":739,"href":"https:\/\/www.squashcamp.se\/index.php?rest_route=\/wp\/v2\/pages\/17\/revisions\/739"}],"wp:attachment":[{"href":"https:\/\/www.squashcamp.se\/index.php?rest_route=%2Fwp%2Fv2%2Fmedia&parent=17"}],"curies":[{"name":"wp","href":"https:\/\/api.w.org\/{rel}","templated":true}]}}