{"id":147,"date":"2012-05-14T13:56:51","date_gmt":"2012-05-14T13:56:51","guid":{"rendered":"http:\/\/www.squashcamp.se\/?page_id=147"},"modified":"2025-02-19T13:51:15","modified_gmt":"2025-02-19T13:51:15","slug":"traningsschema-for-lager-1-u13u15","status":"publish","type":"page","link":"https:\/\/www.squashcamp.se\/?page_id=147","title":{"rendered":"Prelimin\u00e4rt tr\u00e4ningsschema f\u00f6r l\u00e4gret"},"content":{"rendered":"<p><strong>Prelimin\u00e4rt schema!!!<\/strong><\/p>\n<table style=\"height: 587px;\" border=\"1\" width=\"579\">\n<tbody>\n<tr>\n<td width=\"8%\" height=\"17\"><strong>Tid<\/strong><\/td>\n<td width=\"23%\"><strong>M\u00e5ndag<\/strong><\/td>\n<td width=\"18%\"><strong>Tisdag<\/strong><\/td>\n<td width=\"18%\"><strong>Onsdag<\/strong><\/td>\n<td width=\"19%\"><strong>Torsdag<\/strong><\/td>\n<td width=\"14%\">\u00a0<\/td>\n<\/tr>\n<tr>\n<td><strong>09:00-09:45<\/strong><\/td>\n<td bgcolor=\"#333333\">\u00a0<\/td>\n<td><strong>FRUKOST<\/strong><\/td>\n<td><strong>FRUKOST<\/strong><\/td>\n<td><strong>FRUKOST<\/strong><\/td>\n<td>\u00a0<\/td>\n<\/tr>\n<tr>\n<td><strong>10:00-12:30<\/strong><\/td>\n<td bgcolor=\"#333333\">\u00a0<\/td>\n<td>Squash tr\u00e4ning<\/td>\n<td>Squash tr\u00e4ning, Cirkeltr\u00e4ning, b\u00e5ltr\u00e4ning &amp; Medicinboll \u00f6vn<\/td>\n<td>T\u00e4vling<\/td>\n<td>\u00a0<\/td>\n<\/tr>\n<tr>\n<td><strong>12:30-14:00<\/strong><\/td>\n<td>Ankomst<\/td>\n<td><strong>LUNCH<\/strong><\/td>\n<td><strong>LUNCH<\/strong><\/td>\n<td><strong>LUNCH<\/strong><\/td>\n<td>\u00a0<\/td>\n<\/tr>\n<tr>\n<td><strong>14:00-15:30<\/strong><\/td>\n<td>Uppv\u00e4rmnings \u00f6vn, squash tr\u00e4ning &amp; Team-building<\/td>\n<td>Squash tr\u00e4ning, Intervall tr\u00e4ning<\/td>\n<td>Squash tr\u00e4ning<\/td>\n<td>Hemresa<\/td>\n<td>\u00a0<\/td>\n<\/tr>\n<tr>\n<td bgcolor=\"#CCCCCC\"><span style=\"color: #ff0000;\"><strong>15min<\/strong><\/span><\/td>\n<td bgcolor=\"#CCCCCC\"><span style=\"color: #ff0000;\"><strong>PAUS<\/strong><\/span><\/td>\n<td bgcolor=\"#CCCCCC\"><span style=\"color: #ff0000;\"><strong>PAUS<\/strong><\/span><\/td>\n<td bgcolor=\"#CCCCCC\"><span style=\"color: #ff0000;\"><strong>PAUS<\/strong><\/span><\/td>\n<td bgcolor=\"#CCCCCC\"><span style=\"color: #ff0000;\"><strong>PAUS<\/strong><\/span><\/td>\n<td bgcolor=\"#CCCCCC\">\u00a0<\/td>\n<\/tr>\n<tr>\n<td><strong>15:45-17:45<\/strong><\/td>\n<td>Uppv\u00e4rmnings \u00f6vn, squash tr\u00e4ning &amp; Team-building<\/td>\n<td>Squash tr\u00e4ning, Intervall tr\u00e4ning<\/td>\n<td>Tr\u00e4ning<\/td>\n<td>\u00a0<\/td>\n<td bgcolor=\"#333333\">\u00a0<\/td>\n<\/tr>\n<tr>\n<td><strong>17:45-19:00<\/strong><\/td>\n<td><strong>MIDDAG<\/strong><\/td>\n<td><strong>MIDDAG<\/strong><\/td>\n<td><strong>MIDDAG<\/strong><\/td>\n<td>\u00a0<\/td>\n<td bgcolor=\"#333333\">\u00a0<\/td>\n<\/tr>\n<tr>\n<td><strong>19:00-21:00<\/strong><\/td>\n<td>Tr\u00e4ning<\/td>\n<td>Tr\u00e4ning<\/td>\n<td>\u00a0Quiz night<\/td>\n<td>\u00a0<\/td>\n<td bgcolor=\"#333333\">\u00a0<\/td>\n<\/tr>\n<\/tbody>\n<\/table>\n\n\n<p><\/p>\n","protected":false},"excerpt":{"rendered":"<p>Prelimin\u00e4rt schema!!! Tid M\u00e5ndag Tisdag Onsdag Torsdag \u00a0 09:00-09:45 \u00a0 FRUKOST FRUKOST FRUKOST \u00a0 10:00-12:30 \u00a0 Squash tr\u00e4ning Squash tr\u00e4ning, Cirkeltr\u00e4ning, b\u00e5ltr\u00e4ning &amp; Medicinboll \u00f6vn T\u00e4vling \u00a0 12:30-14:00 Ankomst LUNCH LUNCH LUNCH \u00a0 14:00-15:30 Uppv\u00e4rmnings \u00f6vn, squash tr\u00e4ning &amp; Team-building Squash tr\u00e4ning, Intervall tr\u00e4ning Squash tr\u00e4ning Hemresa \u00a0 15min PAUS PAUS PAUS PAUS \u00a0 15:45-17:45 &hellip; <\/p>\n<p class=\"link-more\"><a href=\"https:\/\/www.squashcamp.se\/?page_id=147\" class=\"more-link\">Forts\u00e4tt l\u00e4sa<span class=\"screen-reader-text\"> \u201dPrelimin\u00e4rt tr\u00e4ningsschema f\u00f6r l\u00e4gret\u201d<\/span><\/a><\/p>\n","protected":false},"author":1,"featured_media":0,"parent":12,"menu_order":2,"comment_status":"closed","ping_status":"closed","template":"","meta":{"footnotes":""},"class_list":["post-147","page","type-page","status-publish","hentry"],"_links":{"self":[{"href":"https:\/\/www.squashcamp.se\/index.php?rest_route=\/wp\/v2\/pages\/147","targetHints":{"allow":["GET"]}}],"collection":[{"href":"https:\/\/www.squashcamp.se\/index.php?rest_route=\/wp\/v2\/pages"}],"about":[{"href":"https:\/\/www.squashcamp.se\/index.php?rest_route=\/wp\/v2\/types\/page"}],"author":[{"embeddable":true,"href":"https:\/\/www.squashcamp.se\/index.php?rest_route=\/wp\/v2\/users\/1"}],"replies":[{"embeddable":true,"href":"https:\/\/www.squashcamp.se\/index.php?rest_route=%2Fwp%2Fv2%2Fcomments&post=147"}],"version-history":[{"count":14,"href":"https:\/\/www.squashcamp.se\/index.php?rest_route=\/wp\/v2\/pages\/147\/revisions"}],"predecessor-version":[{"id":1008,"href":"https:\/\/www.squashcamp.se\/index.php?rest_route=\/wp\/v2\/pages\/147\/revisions\/1008"}],"up":[{"embeddable":true,"href":"https:\/\/www.squashcamp.se\/index.php?rest_route=\/wp\/v2\/pages\/12"}],"wp:attachment":[{"href":"https:\/\/www.squashcamp.se\/index.php?rest_route=%2Fwp%2Fv2%2Fmedia&parent=147"}],"curies":[{"name":"wp","href":"https:\/\/api.w.org\/{rel}","templated":true}]}}