{"id":14,"date":"2012-04-17T14:56:07","date_gmt":"2012-04-17T14:56:07","guid":{"rendered":"http:\/\/www.squashcamp.se\/?page_id=14"},"modified":"2025-02-19T13:22:39","modified_gmt":"2025-02-19T13:22:39","slug":"avgift","status":"publish","type":"page","link":"https:\/\/www.squashcamp.se\/?page_id=14","title":{"rendered":"Avgift"},"content":{"rendered":"<p><strong><span style=\"text-decoration: underline;\">Kostnad<\/span><\/strong><br \/>\nN\u00e4stan allt ing\u00e5r. Kostnaden \u00e4r endast <strong><span style=\"color: #ffffff;\">2700SEK <\/span><\/strong>per deltagare och d\u00e5 ing\u00e5r lunch, middag, kv\u00e4llsm\u00e5l, lokala transporter, tr\u00e4nare mm. F\u00f6r er som beh\u00f6ver logi s\u00e5 ordnar vi inkvartering &#8211; Tag med s\u00e4ngkl\u00e4der eller sovs\u00e4ck. Dessutom beh\u00f6ver ni ta med tillr\u00e4ckligt med tr\u00e4ningskl\u00e4der f\u00f6r b\u00e5de inne och utomhusverksamhet &#8211; och gl\u00f6m inte badkl\u00e4der. Transporter till och fr\u00e5n Malm\u00f6 ing\u00e5r ej.<\/p>\n<p>Det finns m\u00f6jlighet f\u00f6r logi p\u00e5 hotell p\u00e5 g\u00e5ngavst\u00e5nd fr\u00e5n klubben &#8211; h\u00f6r av er f\u00f6r prisuppgift.<\/p>\n<p>Ni anm\u00e4ler er enklast genom att s\u00e4tta in anm\u00e4lningsavgiften p\u00e5 The Club Malmoes <strong>BG 839-1724<\/strong>\u00a0eller <strong>SWISH<\/strong> <strong>123 337 2893<\/strong> senast den <strong>25<span style=\"text-decoration: underline;\"> juni 2025<\/span><\/strong>. Ange namn, klubb (eller land), f\u00f6delsedatum och l\u00e4ger period.<br \/>\nEftersom vi endast kan ta ett begr\u00e4nsat antal deltagare s\u00e5 g\u00e4ller f\u00f6rst till kvarn . . .<br \/>\nVi b\u00f6rjar l\u00e4gret f\u00f6rsta dagen kl 14:00 och avslutar sista dagen kl 14:00.<br \/>\nOm ni beh\u00f6ver hj\u00e4lp med transport fr\u00e5n Malm\u00f6 Hyllie kan ni h\u00f6ra av er p\u00e5 e-post <a href=\"mailto:coach@bische.se\">coach@bische.se<\/a> eller 0735-110446<\/p>\n<p>F\u00f6r utl\u00e4ndska deltagare anv\u00e4nd nedanst\u00e5ende uppgifter:<\/p>\n<p><strong>Kontoinnehavare:<\/strong> The Club Malmoe<br \/>\n<strong>Bank:<\/strong>\u00a0SWEDBANK<br \/>\n<strong>konto:<\/strong> 8214-9\u00a0 924 620 778-2<br \/>\n<strong>IBAN:<\/strong> SE30 8000 0821 4992 4620 7782<br \/>\n<strong>SWIFT:<\/strong>\u00a0SWEDSESS<br \/>\n<strong>BIC:<\/strong>\u00a0 SWEDSESSXXX<\/p>\n<div class=\"value-column\"><\/div>\n","protected":false},"excerpt":{"rendered":"<p>Kostnad N\u00e4stan allt ing\u00e5r. Kostnaden \u00e4r endast 2700SEK per deltagare och d\u00e5 ing\u00e5r lunch, middag, kv\u00e4llsm\u00e5l, lokala transporter, tr\u00e4nare mm. F\u00f6r er som beh\u00f6ver logi s\u00e5 ordnar vi inkvartering &#8211; Tag med s\u00e4ngkl\u00e4der eller sovs\u00e4ck. Dessutom beh\u00f6ver ni ta med tillr\u00e4ckligt med tr\u00e4ningskl\u00e4der f\u00f6r b\u00e5de inne och utomhusverksamhet &#8211; och gl\u00f6m inte badkl\u00e4der. Transporter till &hellip; <\/p>\n<p class=\"link-more\"><a href=\"https:\/\/www.squashcamp.se\/?page_id=14\" class=\"more-link\">Forts\u00e4tt l\u00e4sa<span class=\"screen-reader-text\"> \u201dAvgift\u201d<\/span><\/a><\/p>\n","protected":false},"author":1,"featured_media":0,"parent":0,"menu_order":0,"comment_status":"closed","ping_status":"closed","template":"","meta":{"footnotes":""},"class_list":["post-14","page","type-page","status-publish","hentry"],"_links":{"self":[{"href":"https:\/\/www.squashcamp.se\/index.php?rest_route=\/wp\/v2\/pages\/14","targetHints":{"allow":["GET"]}}],"collection":[{"href":"https:\/\/www.squashcamp.se\/index.php?rest_route=\/wp\/v2\/pages"}],"about":[{"href":"https:\/\/www.squashcamp.se\/index.php?rest_route=\/wp\/v2\/types\/page"}],"author":[{"embeddable":true,"href":"https:\/\/www.squashcamp.se\/index.php?rest_route=\/wp\/v2\/users\/1"}],"replies":[{"embeddable":true,"href":"https:\/\/www.squashcamp.se\/index.php?rest_route=%2Fwp%2Fv2%2Fcomments&post=14"}],"version-history":[{"count":27,"href":"https:\/\/www.squashcamp.se\/index.php?rest_route=\/wp\/v2\/pages\/14\/revisions"}],"predecessor-version":[{"id":999,"href":"https:\/\/www.squashcamp.se\/index.php?rest_route=\/wp\/v2\/pages\/14\/revisions\/999"}],"wp:attachment":[{"href":"https:\/\/www.squashcamp.se\/index.php?rest_route=%2Fwp%2Fv2%2Fmedia&parent=14"}],"curies":[{"name":"wp","href":"https:\/\/api.w.org\/{rel}","templated":true}]}}