{"id":127,"date":"2012-05-14T13:33:27","date_gmt":"2012-05-14T13:33:27","guid":{"rendered":"http:\/\/www.squashcamp.se\/?page_id=127"},"modified":"2020-06-28T11:01:43","modified_gmt":"2020-06-28T11:01:43","slug":"find-us","status":"publish","type":"page","link":"https:\/\/www.squashcamp.se\/?page_id=127","title":{"rendered":"Find us"},"content":{"rendered":"<blockquote>\n<blockquote><p>The Swedish Squashcamp will be at:<\/p>\n<p>The Club Malmoe, Stadiongatan 60, Malm\u00f6<\/p>\n<p style=\"text-align: left;\"><a href=\"http:\/\/www.squashcamp.se\/wp-content\/uploads\/2012\/05\/its_easy_to_travel_to_malmoe.pdf\">It&#8217;s_easy_to_travel_to_malmoe<\/a><\/p>\n<p style=\"text-align: left;\">Malm\u00f6 has excellent connections to and from the continent.<br \/>\nWith two international airports, The \u00d6resund Bridge, harbours and<br \/>\na well developed highway system Malm\u00f6 is easy to reach.<\/p>\n<p style=\"text-align: left;\">On the 1st of July 2000 the Oresund Bridge, that connects Malm\u00f6 and Copenhagen (Denmark), opened for traffic. This permanent link is linking the Scandinavian peninsula to the European Continent.<\/p>\n<p>This is not only another journey over a bridge. It\u00b4s an extraordinary experience 71 metres over the sea. First four kilometres (2,5 miles) tunnel, then four kilometres manmade island before you reach the eight kilometres long \u00d6resund Bridge.<\/p>\n<p>The bridge\/tunnel represents in itself a major leap into this millennium. It provides stronger and more extensive co-operation regarding economy, education, research and culture in the region, but also on an international level.<\/p>\n<p>To get to The Club Malmoe from Copenhagen airport is also very easy. Take the train from Copenhagen airport going to Malm\u00f6. Get off at the first stop over the bridge which is Malm\u00f6 Hyllie. We will come and collect you from Hyllie when you arrive.<\/p>\n<p>For more details check out under<strong>:\u00a0<\/strong><a href=\"http:\/\/malmo.se\/english\"><em><strong>http:\/\/malmo.se\/english<\/strong><\/em><\/a><br \/>\nUnder: Start &gt; Tourist &gt; City of Malm\u00f6 &gt; Tourist &gt; Transport to and from Malm\u00f6<\/p>\n<p style=\"text-align: left;\"><span style=\"color: #000000;\"><strong>\u00a0<\/strong><\/span><\/p>\n<\/blockquote>\n<\/blockquote>\n","protected":false},"excerpt":{"rendered":"<p>The Swedish Squashcamp will be at: The Club Malmoe, Stadiongatan 60, Malm\u00f6 It&#8217;s_easy_to_travel_to_malmoe Malm\u00f6 has excellent connections to and from the continent. With two international airports, The \u00d6resund Bridge, harbours and a well developed highway system Malm\u00f6 is easy to reach. On the 1st of July 2000 the Oresund Bridge, that connects Malm\u00f6 and Copenhagen &hellip; <\/p>\n<p class=\"link-more\"><a href=\"https:\/\/www.squashcamp.se\/?page_id=127\" class=\"more-link\">Forts\u00e4tt l\u00e4sa<span class=\"screen-reader-text\"> \u201dFind us\u201d<\/span><\/a><\/p>\n","protected":false},"author":1,"featured_media":0,"parent":27,"menu_order":0,"comment_status":"closed","ping_status":"closed","template":"","meta":{"footnotes":""},"class_list":["post-127","page","type-page","status-publish","hentry"],"_links":{"self":[{"href":"https:\/\/www.squashcamp.se\/index.php?rest_route=\/wp\/v2\/pages\/127","targetHints":{"allow":["GET"]}}],"collection":[{"href":"https:\/\/www.squashcamp.se\/index.php?rest_route=\/wp\/v2\/pages"}],"about":[{"href":"https:\/\/www.squashcamp.se\/index.php?rest_route=\/wp\/v2\/types\/page"}],"author":[{"embeddable":true,"href":"https:\/\/www.squashcamp.se\/index.php?rest_route=\/wp\/v2\/users\/1"}],"replies":[{"embeddable":true,"href":"https:\/\/www.squashcamp.se\/index.php?rest_route=%2Fwp%2Fv2%2Fcomments&post=127"}],"version-history":[{"count":21,"href":"https:\/\/www.squashcamp.se\/index.php?rest_route=\/wp\/v2\/pages\/127\/revisions"}],"predecessor-version":[{"id":733,"href":"https:\/\/www.squashcamp.se\/index.php?rest_route=\/wp\/v2\/pages\/127\/revisions\/733"}],"up":[{"embeddable":true,"href":"https:\/\/www.squashcamp.se\/index.php?rest_route=\/wp\/v2\/pages\/27"}],"wp:attachment":[{"href":"https:\/\/www.squashcamp.se\/index.php?rest_route=%2Fwp%2Fv2%2Fmedia&parent=127"}],"curies":[{"name":"wp","href":"https:\/\/api.w.org\/{rel}","templated":true}]}}